{"id":5005,"date":"2024-02-12T11:06:15","date_gmt":"2024-02-12T10:06:15","guid":{"rendered":"https:\/\/phoenixyachtclub.com\/?page_id=5005"},"modified":"2024-02-23T15:14:10","modified_gmt":"2024-02-23T14:14:10","slug":"miles","status":"publish","type":"page","link":"https:\/\/phoenixyachtclub.com\/fr\/miles\/","title":{"rendered":"Miles"},"content":{"rendered":"\t\t<div data-elementor-type=\"wp-page\" data-elementor-id=\"5005\" class=\"elementor elementor-5005\" data-elementor-post-type=\"page\">\n\t\t\t\t\t\t<section class=\"elementor-section elementor-top-section elementor-element elementor-element-7cd77ef elementor-section-height-min-height elementor-section-boxed elementor-section-height-default elementor-section-items-middle\" data-id=\"7cd77ef\" data-element_type=\"section\" data-e-type=\"section\" data-settings=\"{&quot;background_background&quot;:&quot;classic&quot;}\">\n\t\t\t\t\t\t\t<div class=\"elementor-background-overlay\"><\/div>\n\t\t\t\t\t\t\t<div class=\"elementor-container elementor-column-gap-default\">\n\t\t\t\t\t<div class=\"elementor-column elementor-col-100 elementor-top-column elementor-element elementor-element-10d8d06\" data-id=\"10d8d06\" data-element_type=\"column\" data-e-type=\"column\">\n\t\t\t<div class=\"elementor-widget-wrap elementor-element-populated\">\n\t\t\t\t\t\t<div class=\"elementor-element elementor-element-2c6778e elementor-widget elementor-widget-text-editor\" data-id=\"2c6778e\" data-element_type=\"widget\" data-e-type=\"widget\" data-widget_type=\"text-editor.default\">\n\t\t\t\t<div class=\"elementor-widget-container\">\n\t\t\t\t\t\t\t\t\tAvant ou apr\u00e8s la r\u00e9ussite de votre examen th\u00e9orique\t\t\t\t\t\t\t\t<\/div>\n\t\t\t\t<\/div>\n\t\t\t\t<div class=\"elementor-element elementor-element-35b7c72 elementor-widget__width-auto elementor-widget-tablet__width-inherit elementor-widget elementor-widget-heading\" data-id=\"35b7c72\" data-element_type=\"widget\" data-e-type=\"widget\" data-widget_type=\"heading.default\">\n\t\t\t\t<div class=\"elementor-widget-container\">\n\t\t\t\t\t<span class=\"elementor-heading-title elementor-size-default\">VALIDEZ <br> VOS MILLES NAUTIQUES<\/span>\t\t\t\t<\/div>\n\t\t\t\t<\/div>\n\t\t\t\t<div class=\"elementor-element elementor-element-1a38223 elementor-view-default elementor-widget elementor-widget-icon\" data-id=\"1a38223\" data-element_type=\"widget\" data-e-type=\"widget\" data-widget_type=\"icon.default\">\n\t\t\t\t<div class=\"elementor-widget-container\">\n\t\t\t\t\t\t\t<div class=\"elementor-icon-wrapper\">\n\t\t\t<div class=\"elementor-icon\">\n\t\t\t<svg xmlns=\"http:\/\/www.w3.org\/2000\/svg\" xmlns:xlink=\"http:\/\/www.w3.org\/1999\/xlink\" id=\"Groupe_24\" x=\"0px\" y=\"0px\" viewBox=\"0 0 60.1 39.7\" style=\"enable-background:new 0 0 60.1 39.7;\" xml:space=\"preserve\"><style type=\"text\/css\">\t.st0{fill:none;stroke:#CDA34E;stroke-width:1.985;stroke-linecap:round;stroke-linejoin:round;}<\/style><g>\t<g id=\"Groupe_23\">\t\t<path id=\"Trac&#xE9;_158\" class=\"st0\" d=\"M1.6,6.1c4.8-3,8.3-4.6,14-4.6S25.2,2.9,30,6.1c4.8,3,8.3,4.6,14,4.6s9.6-1.4,14.5-4.6\"><\/path>\t\t<path id=\"Trac&#xE9;_159\" class=\"st0\" d=\"M1.6,19.9c4.8-3,8.3-4.6,14-4.6s9.7,1.4,14.5,4.6c4.8,3,8.3,4.6,14,4.6s9.6-1.4,14.5-4.6\"><\/path>\t\t<path id=\"Trac&#xE9;_160\" class=\"st0\" d=\"M1.6,33.6c4.8-3,8.3-4.6,14-4.6s9.7,1.4,14.5,4.6c4.8,3,8.3,4.6,14,4.6s9.6-1.4,14.5-4.6\"><\/path>\t<\/g><\/g><\/svg>\t\t\t<\/div>\n\t\t<\/div>\n\t\t\t\t\t\t<\/div>\n\t\t\t\t<\/div>\n\t\t\t\t\t<\/div>\n\t\t<\/div>\n\t\t\t\t\t<\/div>\n\t\t<\/section>\n\t\t\t\t<section class=\"elementor-section elementor-top-section elementor-element elementor-element-42dc202 elementor-section-boxed elementor-section-height-default elementor-section-height-default\" data-id=\"42dc202\" data-element_type=\"section\" data-e-type=\"section\">\n\t\t\t\t\t\t<div class=\"elementor-container elementor-column-gap-default\">\n\t\t\t\t\t<div class=\"elementor-column elementor-col-50 elementor-top-column elementor-element elementor-element-6fb8414\" data-id=\"6fb8414\" data-element_type=\"column\" data-e-type=\"column\">\n\t\t\t<div class=\"elementor-widget-wrap elementor-element-populated\">\n\t\t\t\t\t\t<div class=\"elementor-element elementor-element-3f4516c elementor-widget elementor-widget-heading\" data-id=\"3f4516c\" data-element_type=\"widget\" data-e-type=\"widget\" data-widget_type=\"heading.default\">\n\t\t\t\t<div class=\"elementor-widget-container\">\n\t\t\t\t\t<span class=\"elementor-heading-title elementor-size-default\">VALIDEZ VOS MILLES NAUTIQUES<\/span>\t\t\t\t<\/div>\n\t\t\t\t<\/div>\n\t\t\t\t\t<\/div>\n\t\t<\/div>\n\t\t\t\t<div class=\"elementor-column elementor-col-50 elementor-top-column elementor-element elementor-element-0711f61\" data-id=\"0711f61\" data-element_type=\"column\" data-e-type=\"column\">\n\t\t\t<div class=\"elementor-widget-wrap\">\n\t\t\t\t\t\t\t<\/div>\n\t\t<\/div>\n\t\t\t\t\t<\/div>\n\t\t<\/section>\n\t\t\t\t<section class=\"elementor-section elementor-top-section elementor-element elementor-element-5a73956 elementor-section-height-min-height elementor-section-boxed elementor-section-height-default elementor-section-items-middle\" data-id=\"5a73956\" data-element_type=\"section\" data-e-type=\"section\">\n\t\t\t\t\t\t<div class=\"elementor-container elementor-column-gap-default\">\n\t\t\t\t\t<div class=\"elementor-column elementor-col-33 elementor-top-column elementor-element elementor-element-6146dfa\" data-id=\"6146dfa\" data-element_type=\"column\" data-e-type=\"column\">\n\t\t\t<div class=\"elementor-widget-wrap elementor-element-populated\">\n\t\t\t\t\t\t<div class=\"elementor-element elementor-element-7e96187 elementor-widget elementor-widget-image\" data-id=\"7e96187\" data-element_type=\"widget\" data-e-type=\"widget\" data-widget_type=\"image.default\">\n\t\t\t\t<div class=\"elementor-widget-container\">\n\t\t\t\t\t\t\t\t\t\t\t\t\t\t\t<img fetchpriority=\"high\" decoding=\"async\" width=\"800\" height=\"600\" src=\"https:\/\/phoenixyachtclub.com\/wp-content\/uploads\/2023\/04\/carla-9-1-1024x768.jpg\" class=\"attachment-large size-large wp-image-3145\" alt=\"\" srcset=\"https:\/\/phoenixyachtclub.com\/wp-content\/uploads\/2023\/04\/carla-9-1-1024x768.jpg 1024w, https:\/\/phoenixyachtclub.com\/wp-content\/uploads\/2023\/04\/carla-9-1-300x225.jpg 300w, https:\/\/phoenixyachtclub.com\/wp-content\/uploads\/2023\/04\/carla-9-1-768x576.jpg 768w, https:\/\/phoenixyachtclub.com\/wp-content\/uploads\/2023\/04\/carla-9-1-1536x1152.jpg 1536w, https:\/\/phoenixyachtclub.com\/wp-content\/uploads\/2023\/04\/carla-9-1-600x450.jpg 600w, https:\/\/phoenixyachtclub.com\/wp-content\/uploads\/2023\/04\/carla-9-1.jpg 1632w\" sizes=\"(max-width: 800px) 100vw, 800px\" \/>\t\t\t\t\t\t\t\t\t\t\t\t\t\t\t<\/div>\n\t\t\t\t<\/div>\n\t\t\t\t\t<\/div>\n\t\t<\/div>\n\t\t\t\t<div class=\"elementor-column elementor-col-33 elementor-top-column elementor-element elementor-element-b10f416\" data-id=\"b10f416\" data-element_type=\"column\" data-e-type=\"column\">\n\t\t\t<div class=\"elementor-widget-wrap elementor-element-populated\">\n\t\t\t\t\t\t<div class=\"elementor-element elementor-element-43f435e elementor-widget elementor-widget-image\" data-id=\"43f435e\" data-element_type=\"widget\" data-e-type=\"widget\" data-widget_type=\"image.default\">\n\t\t\t\t<div class=\"elementor-widget-container\">\n\t\t\t\t\t\t\t\t\t\t\t\t\t\t\t<img decoding=\"async\" width=\"800\" height=\"600\" src=\"https:\/\/phoenixyachtclub.com\/wp-content\/uploads\/2024\/02\/NAVEGACION-COLONIA-BUENOS-AIRES-75-1024x768.jpg\" class=\"attachment-large size-large wp-image-5079\" alt=\"\" srcset=\"https:\/\/phoenixyachtclub.com\/wp-content\/uploads\/2024\/02\/NAVEGACION-COLONIA-BUENOS-AIRES-75-1024x768.jpg 1024w, https:\/\/phoenixyachtclub.com\/wp-content\/uploads\/2024\/02\/NAVEGACION-COLONIA-BUENOS-AIRES-75-300x225.jpg 300w, https:\/\/phoenixyachtclub.com\/wp-content\/uploads\/2024\/02\/NAVEGACION-COLONIA-BUENOS-AIRES-75-768x576.jpg 768w, https:\/\/phoenixyachtclub.com\/wp-content\/uploads\/2024\/02\/NAVEGACION-COLONIA-BUENOS-AIRES-75-600x450.jpg 600w, https:\/\/phoenixyachtclub.com\/wp-content\/uploads\/2024\/02\/NAVEGACION-COLONIA-BUENOS-AIRES-75.jpg 1280w\" sizes=\"(max-width: 800px) 100vw, 800px\" \/>\t\t\t\t\t\t\t\t\t\t\t\t\t\t\t<\/div>\n\t\t\t\t<\/div>\n\t\t\t\t\t<\/div>\n\t\t<\/div>\n\t\t\t\t<div class=\"elementor-column elementor-col-33 elementor-top-column elementor-element elementor-element-ec7777a\" data-id=\"ec7777a\" data-element_type=\"column\" data-e-type=\"column\">\n\t\t\t<div class=\"elementor-widget-wrap elementor-element-populated\">\n\t\t\t\t\t\t<div class=\"elementor-element elementor-element-9568e0a elementor-widget elementor-widget-text-editor\" data-id=\"9568e0a\" data-element_type=\"widget\" data-e-type=\"widget\" data-widget_type=\"text-editor.default\">\n\t\t\t\t<div class=\"elementor-widget-container\">\n\t\t\t\t\t\t\t\t\t<p>Validez vos miles, sur notre SOTO 62\u2032, grand <strong>voilier<\/strong> de 19m tr\u00e8s <strong>performant<\/strong> (mat carbone, b\u00f4me cano\u00e9 Park Avenue, quille fixe de 3m de tirant d\u2019eau).\u00a0<\/p><p><span style=\"color: var( --e-global-color-text ); font-size: 1rem;\">John, notre <\/span><strong style=\"color: var( --e-global-color-text ); font-size: 1rem;\">skipper professionnel<\/strong><span style=\"color: var( --e-global-color-text ); font-size: 1rem;\"> (RYA, anglophone) vous le fera d\u00e9couvrir et partagera avec vous sa passion de la voile ainsi que sa large exp\u00e9rience de navigation en M\u00e9diterran\u00e9e, Atlantique, Afrique du Sud&#8230;. <\/span><strong style=\"color: var( --e-global-color-text ); font-size: 1rem;\">tout en validant vos milles nautiques<\/strong><span style=\"color: var( --e-global-color-text ); font-size: 1rem;\"> et en vivant une <\/span><strong style=\"color: var( --e-global-color-text ); font-size: 1rem;\">exp\u00e9rience de voile exceptionnelle.<\/strong><\/p>\t\t\t\t\t\t\t\t<\/div>\n\t\t\t\t<\/div>\n\t\t\t\t\t<\/div>\n\t\t<\/div>\n\t\t\t\t\t<\/div>\n\t\t<\/section>\n\t\t\t\t<section class=\"elementor-section elementor-top-section elementor-element elementor-element-c198030 elementor-section-height-min-height elementor-section-boxed elementor-section-height-default elementor-section-items-middle\" data-id=\"c198030\" data-element_type=\"section\" data-e-type=\"section\" data-settings=\"{&quot;background_background&quot;:&quot;classic&quot;}\">\n\t\t\t\t\t\t<div class=\"elementor-container elementor-column-gap-default\">\n\t\t\t\t\t<div class=\"elementor-column elementor-col-100 elementor-top-column elementor-element elementor-element-31188bd\" data-id=\"31188bd\" data-element_type=\"column\" data-e-type=\"column\">\n\t\t\t<div class=\"elementor-widget-wrap elementor-element-populated\">\n\t\t\t\t\t\t<div class=\"elementor-element elementor-element-e76f68f elementor-widget elementor-widget-heading\" data-id=\"e76f68f\" data-element_type=\"widget\" data-e-type=\"widget\" data-widget_type=\"heading.default\">\n\t\t\t\t<div class=\"elementor-widget-container\">\n\t\t\t\t\t<span class=\"elementor-heading-title elementor-size-default\">PLACES DISPONIBLES EN 2024\u00a0<\/span>\t\t\t\t<\/div>\n\t\t\t\t<\/div>\n\t\t\t\t<div class=\"elementor-element elementor-element-41ef539 elementor-widget elementor-widget-text-editor\" data-id=\"41ef539\" data-element_type=\"widget\" data-e-type=\"widget\" data-widget_type=\"text-editor.default\">\n\t\t\t\t<div class=\"elementor-widget-container\">\n\t\t\t\t\t\t\t\t\tPlusieurs travers\u00e9es sont propos\u00e9es en Septembre\u00a0et Octobre :\t\t\t\t\t\t\t\t<\/div>\n\t\t\t\t<\/div>\n\t\t\t\t<div class=\"elementor-element elementor-element-e09bdbe elementor-icon-list--layout-traditional elementor-list-item-link-full_width elementor-widget elementor-widget-icon-list\" data-id=\"e09bdbe\" data-element_type=\"widget\" data-e-type=\"widget\" data-widget_type=\"icon-list.default\">\n\t\t\t\t<div class=\"elementor-widget-container\">\n\t\t\t\t\t\t\t<ul class=\"elementor-icon-list-items\">\n\t\t\t\t\t\t\t<li class=\"elementor-icon-list-item\">\n\t\t\t\t\t\t\t\t\t\t\t<span class=\"elementor-icon-list-icon\">\n\t\t\t\t\t\t\t<svg xmlns=\"http:\/\/www.w3.org\/2000\/svg\" xmlns:xlink=\"http:\/\/www.w3.org\/1999\/xlink\" id=\"Groupe_24\" x=\"0px\" y=\"0px\" viewBox=\"0 0 60.1 39.7\" style=\"enable-background:new 0 0 60.1 39.7;\" xml:space=\"preserve\"><style type=\"text\/css\">\t.st0{fill:none;stroke:#CDA34E;stroke-width:1.985;stroke-linecap:round;stroke-linejoin:round;}<\/style><g>\t<g id=\"Groupe_23\">\t\t<path id=\"Trac&#xE9;_158\" class=\"st0\" d=\"M1.6,6.1c4.8-3,8.3-4.6,14-4.6S25.2,2.9,30,6.1c4.8,3,8.3,4.6,14,4.6s9.6-1.4,14.5-4.6\"><\/path>\t\t<path id=\"Trac&#xE9;_159\" class=\"st0\" d=\"M1.6,19.9c4.8-3,8.3-4.6,14-4.6s9.7,1.4,14.5,4.6c4.8,3,8.3,4.6,14,4.6s9.6-1.4,14.5-4.6\"><\/path>\t\t<path id=\"Trac&#xE9;_160\" class=\"st0\" d=\"M1.6,33.6c4.8-3,8.3-4.6,14-4.6s9.7,1.4,14.5,4.6c4.8,3,8.3,4.6,14,4.6s9.6-1.4,14.5-4.6\"><\/path>\t<\/g><\/g><\/svg>\t\t\t\t\t\t<\/span>\n\t\t\t\t\t\t\t\t\t\t<span class=\"elementor-icon-list-text\">Corfou \/ Gr\u00e8ce \u2013 Sicile \u2013 Sardaigne <\/span>\n\t\t\t\t\t\t\t\t\t<\/li>\n\t\t\t\t\t\t\t\t<li class=\"elementor-icon-list-item\">\n\t\t\t\t\t\t\t\t\t\t\t<span class=\"elementor-icon-list-icon\">\n\t\t\t\t\t\t\t<svg xmlns=\"http:\/\/www.w3.org\/2000\/svg\" xmlns:xlink=\"http:\/\/www.w3.org\/1999\/xlink\" id=\"Groupe_24\" x=\"0px\" y=\"0px\" viewBox=\"0 0 60.1 39.7\" style=\"enable-background:new 0 0 60.1 39.7;\" xml:space=\"preserve\"><style type=\"text\/css\">\t.st0{fill:none;stroke:#CDA34E;stroke-width:1.985;stroke-linecap:round;stroke-linejoin:round;}<\/style><g>\t<g id=\"Groupe_23\">\t\t<path id=\"Trac&#xE9;_158\" class=\"st0\" d=\"M1.6,6.1c4.8-3,8.3-4.6,14-4.6S25.2,2.9,30,6.1c4.8,3,8.3,4.6,14,4.6s9.6-1.4,14.5-4.6\"><\/path>\t\t<path id=\"Trac&#xE9;_159\" class=\"st0\" d=\"M1.6,19.9c4.8-3,8.3-4.6,14-4.6s9.7,1.4,14.5,4.6c4.8,3,8.3,4.6,14,4.6s9.6-1.4,14.5-4.6\"><\/path>\t\t<path id=\"Trac&#xE9;_160\" class=\"st0\" d=\"M1.6,33.6c4.8-3,8.3-4.6,14-4.6s9.7,1.4,14.5,4.6c4.8,3,8.3,4.6,14,4.6s9.6-1.4,14.5-4.6\"><\/path>\t<\/g><\/g><\/svg>\t\t\t\t\t\t<\/span>\n\t\t\t\t\t\t\t\t\t\t<span class=\"elementor-icon-list-text\">Sardaigne \u2013 Bal\u00e9ares \u2013 Barcelone<\/span>\n\t\t\t\t\t\t\t\t\t<\/li>\n\t\t\t\t\t\t\t\t<li class=\"elementor-icon-list-item\">\n\t\t\t\t\t\t\t\t\t\t\t<span class=\"elementor-icon-list-icon\">\n\t\t\t\t\t\t\t<svg xmlns=\"http:\/\/www.w3.org\/2000\/svg\" xmlns:xlink=\"http:\/\/www.w3.org\/1999\/xlink\" id=\"Groupe_24\" x=\"0px\" y=\"0px\" viewBox=\"0 0 60.1 39.7\" style=\"enable-background:new 0 0 60.1 39.7;\" xml:space=\"preserve\"><style type=\"text\/css\">\t.st0{fill:none;stroke:#CDA34E;stroke-width:1.985;stroke-linecap:round;stroke-linejoin:round;}<\/style><g>\t<g id=\"Groupe_23\">\t\t<path id=\"Trac&#xE9;_158\" class=\"st0\" d=\"M1.6,6.1c4.8-3,8.3-4.6,14-4.6S25.2,2.9,30,6.1c4.8,3,8.3,4.6,14,4.6s9.6-1.4,14.5-4.6\"><\/path>\t\t<path id=\"Trac&#xE9;_159\" class=\"st0\" d=\"M1.6,19.9c4.8-3,8.3-4.6,14-4.6s9.7,1.4,14.5,4.6c4.8,3,8.3,4.6,14,4.6s9.6-1.4,14.5-4.6\"><\/path>\t\t<path id=\"Trac&#xE9;_160\" class=\"st0\" d=\"M1.6,33.6c4.8-3,8.3-4.6,14-4.6s9.7,1.4,14.5,4.6c4.8,3,8.3,4.6,14,4.6s9.6-1.4,14.5-4.6\"><\/path>\t<\/g><\/g><\/svg>\t\t\t\t\t\t<\/span>\n\t\t\t\t\t\t\t\t\t\t<span class=\"elementor-icon-list-text\">Barcelone \u2013 Gibraltar<\/span>\n\t\t\t\t\t\t\t\t\t<\/li>\n\t\t\t\t\t\t\t\t<li class=\"elementor-icon-list-item\">\n\t\t\t\t\t\t\t\t\t\t\t<span class=\"elementor-icon-list-icon\">\n\t\t\t\t\t\t\t<svg xmlns=\"http:\/\/www.w3.org\/2000\/svg\" xmlns:xlink=\"http:\/\/www.w3.org\/1999\/xlink\" id=\"Groupe_24\" x=\"0px\" y=\"0px\" viewBox=\"0 0 60.1 39.7\" style=\"enable-background:new 0 0 60.1 39.7;\" xml:space=\"preserve\"><style type=\"text\/css\">\t.st0{fill:none;stroke:#CDA34E;stroke-width:1.985;stroke-linecap:round;stroke-linejoin:round;}<\/style><g>\t<g id=\"Groupe_23\">\t\t<path id=\"Trac&#xE9;_158\" class=\"st0\" d=\"M1.6,6.1c4.8-3,8.3-4.6,14-4.6S25.2,2.9,30,6.1c4.8,3,8.3,4.6,14,4.6s9.6-1.4,14.5-4.6\"><\/path>\t\t<path id=\"Trac&#xE9;_159\" class=\"st0\" d=\"M1.6,19.9c4.8-3,8.3-4.6,14-4.6s9.7,1.4,14.5,4.6c4.8,3,8.3,4.6,14,4.6s9.6-1.4,14.5-4.6\"><\/path>\t\t<path id=\"Trac&#xE9;_160\" class=\"st0\" d=\"M1.6,33.6c4.8-3,8.3-4.6,14-4.6s9.7,1.4,14.5,4.6c4.8,3,8.3,4.6,14,4.6s9.6-1.4,14.5-4.6\"><\/path>\t<\/g><\/g><\/svg>\t\t\t\t\t\t<\/span>\n\t\t\t\t\t\t\t\t\t\t<span class=\"elementor-icon-list-text\">Gibraltar \u2013 Canaries<\/span>\n\t\t\t\t\t\t\t\t\t<\/li>\n\t\t\t\t\t\t<\/ul>\n\t\t\t\t\t\t<\/div>\n\t\t\t\t<\/div>\n\t\t\t\t<div class=\"elementor-element elementor-element-7577c7e elementor-widget elementor-widget-text-editor\" data-id=\"7577c7e\" data-element_type=\"widget\" data-e-type=\"widget\" data-widget_type=\"text-editor.default\">\n\t\t\t\t<div class=\"elementor-widget-container\">\n\t\t\t\t\t\t\t\t\tPour plus de d\u00e9tails sur le voilier ou l\u2019exp\u00e9rience, contactez\u00a0: \t\t\t\t\t\t\t\t<\/div>\n\t\t\t\t<\/div>\n\t\t\t\t<div class=\"elementor-element elementor-element-6411419 elementor-align-left elementor-widget__width-auto elementor-widget elementor-widget-button\" data-id=\"6411419\" data-element_type=\"widget\" data-e-type=\"widget\" data-widget_type=\"button.default\">\n\t\t\t\t<div class=\"elementor-widget-container\">\n\t\t\t\t\t\t\t\t\t<div class=\"elementor-button-wrapper\">\n\t\t\t\t\t<a class=\"elementor-button elementor-button-link elementor-size-sm\" href=\"tel:+41786457006\">\n\t\t\t\t\t\t<span class=\"elementor-button-content-wrapper\">\n\t\t\t\t\t\t\t\t\t<span class=\"elementor-button-text\">Catherine<\/span>\n\t\t\t\t\t<\/span>\n\t\t\t\t\t<\/a>\n\t\t\t\t<\/div>\n\t\t\t\t\t\t\t\t<\/div>\n\t\t\t\t<\/div>\n\t\t\t\t<div class=\"elementor-element elementor-element-bb4b9d1 elementor-align-left elementor-widget__width-auto elementor-widget elementor-widget-button\" data-id=\"bb4b9d1\" data-element_type=\"widget\" data-e-type=\"widget\" data-widget_type=\"button.default\">\n\t\t\t\t<div class=\"elementor-widget-container\">\n\t\t\t\t\t\t\t\t\t<div class=\"elementor-button-wrapper\">\n\t\t\t\t\t<a class=\"elementor-button elementor-button-link elementor-size-sm\" href=\"tel:+41796971605\">\n\t\t\t\t\t\t<span class=\"elementor-button-content-wrapper\">\n\t\t\t\t\t\t\t\t\t<span class=\"elementor-button-text\">Laurent<\/span>\n\t\t\t\t\t<\/span>\n\t\t\t\t\t<\/a>\n\t\t\t\t<\/div>\n\t\t\t\t\t\t\t\t<\/div>\n\t\t\t\t<\/div>\n\t\t\t\t\t<\/div>\n\t\t<\/div>\n\t\t\t\t\t<\/div>\n\t\t<\/section>\n\t\t\t\t<\/div>\n\t\t","protected":false},"excerpt":{"rendered":"<p>Avant ou apr\u00e8s la r\u00e9ussite de votre examen th\u00e9orique VALIDEZ VOS MILLES NAUTIQUES VALIDEZ VOS MILLES NAUTIQUES Validez vos miles, sur notre SOTO 62\u2032, grand voilier de 19m tr\u00e8s performant (mat carbone, b\u00f4me cano\u00e9 Park Avenue, quille fixe de 3m de tirant d\u2019eau).\u00a0 John, notre skipper professionnel (RYA, anglophone) vous le fera d\u00e9couvrir et partagera [&hellip;]<\/p>\n","protected":false},"author":5,"featured_media":0,"parent":0,"menu_order":0,"comment_status":"closed","ping_status":"closed","template":"","meta":{"footnotes":""},"class_list":["post-5005","page","type-page","status-publish","hentry"],"_links":{"self":[{"href":"https:\/\/phoenixyachtclub.com\/fr\/wp-json\/wp\/v2\/pages\/5005","targetHints":{"allow":["GET"]}}],"collection":[{"href":"https:\/\/phoenixyachtclub.com\/fr\/wp-json\/wp\/v2\/pages"}],"about":[{"href":"https:\/\/phoenixyachtclub.com\/fr\/wp-json\/wp\/v2\/types\/page"}],"author":[{"embeddable":true,"href":"https:\/\/phoenixyachtclub.com\/fr\/wp-json\/wp\/v2\/users\/5"}],"replies":[{"embeddable":true,"href":"https:\/\/phoenixyachtclub.com\/fr\/wp-json\/wp\/v2\/comments?post=5005"}],"version-history":[{"count":70,"href":"https:\/\/phoenixyachtclub.com\/fr\/wp-json\/wp\/v2\/pages\/5005\/revisions"}],"predecessor-version":[{"id":5304,"href":"https:\/\/phoenixyachtclub.com\/fr\/wp-json\/wp\/v2\/pages\/5005\/revisions\/5304"}],"wp:attachment":[{"href":"https:\/\/phoenixyachtclub.com\/fr\/wp-json\/wp\/v2\/media?parent=5005"}],"curies":[{"name":"wp","href":"https:\/\/api.w.org\/{rel}","templated":true}]}}