{"id":43,"date":"2023-02-13T16:05:17","date_gmt":"2023-02-13T15:05:17","guid":{"rendered":"https:\/\/dev.cerfalunettes.fr\/phoenix-yacht-club\/?page_id=43"},"modified":"2024-02-23T15:15:54","modified_gmt":"2024-02-23T14:15:54","slug":"voyage-voilier-de-luxe","status":"publish","type":"page","link":"https:\/\/phoenixyachtclub.com\/fr\/voyage-voilier-de-luxe\/","title":{"rendered":"Destinations"},"content":{"rendered":"\t\t<div data-elementor-type=\"wp-page\" data-elementor-id=\"43\" class=\"elementor elementor-43\" data-elementor-post-type=\"page\">\n\t\t\t\t\t\t<section class=\"elementor-section elementor-top-section elementor-element elementor-element-79f1581 elementor-section-height-min-height elementor-section-boxed elementor-section-height-default elementor-section-items-middle\" data-id=\"79f1581\" data-element_type=\"section\" data-e-type=\"section\" data-settings=\"{&quot;background_background&quot;:&quot;classic&quot;}\">\n\t\t\t\t\t\t<div class=\"elementor-container elementor-column-gap-default\">\n\t\t\t\t\t<div class=\"elementor-column elementor-col-100 elementor-top-column elementor-element elementor-element-6c9574d\" data-id=\"6c9574d\" data-element_type=\"column\" data-e-type=\"column\">\n\t\t\t<div class=\"elementor-widget-wrap elementor-element-populated\">\n\t\t\t\t\t\t<div class=\"elementor-element elementor-element-dad4cfb elementor-widget elementor-widget-text-editor\" data-id=\"dad4cfb\" data-element_type=\"widget\" data-e-type=\"widget\" data-widget_type=\"text-editor.default\">\n\t\t\t\t<div class=\"elementor-widget-container\">\n\t\t\t\t\t\t\t\t\t<p>Destination de l&rsquo;ann\u00e9e<\/p>\t\t\t\t\t\t\t\t<\/div>\n\t\t\t\t<\/div>\n\t\t\t\t<div class=\"elementor-element elementor-element-1951fdd elementor-widget__width-auto elementor-widget-tablet__width-inherit elementor-widget elementor-widget-heading\" data-id=\"1951fdd\" data-element_type=\"widget\" data-e-type=\"widget\" data-widget_type=\"heading.default\">\n\t\t\t\t<div class=\"elementor-widget-container\">\n\t\t\t\t\t<span class=\"elementor-heading-title elementor-size-default\">chaque ann\u00e9e, <\/br>une nouvelle exp\u00e9rience, <\/br>une nouvelle destination.<\/span>\t\t\t\t<\/div>\n\t\t\t\t<\/div>\n\t\t\t\t<div class=\"elementor-element elementor-element-e430677 elementor-view-default elementor-widget elementor-widget-icon\" data-id=\"e430677\" data-element_type=\"widget\" data-e-type=\"widget\" data-widget_type=\"icon.default\">\n\t\t\t\t<div class=\"elementor-widget-container\">\n\t\t\t\t\t\t\t<div class=\"elementor-icon-wrapper\">\n\t\t\t<div class=\"elementor-icon\">\n\t\t\t<svg xmlns=\"http:\/\/www.w3.org\/2000\/svg\" xmlns:xlink=\"http:\/\/www.w3.org\/1999\/xlink\" id=\"Groupe_24\" x=\"0px\" y=\"0px\" viewBox=\"0 0 60.1 39.7\" style=\"enable-background:new 0 0 60.1 39.7;\" xml:space=\"preserve\"><style type=\"text\/css\">\t.st0{fill:none;stroke:#CDA34E;stroke-width:1.985;stroke-linecap:round;stroke-linejoin:round;}<\/style><g>\t<g id=\"Groupe_23\">\t\t<path id=\"Trac&#xE9;_158\" class=\"st0\" d=\"M1.6,6.1c4.8-3,8.3-4.6,14-4.6S25.2,2.9,30,6.1c4.8,3,8.3,4.6,14,4.6s9.6-1.4,14.5-4.6\"><\/path>\t\t<path id=\"Trac&#xE9;_159\" class=\"st0\" d=\"M1.6,19.9c4.8-3,8.3-4.6,14-4.6s9.7,1.4,14.5,4.6c4.8,3,8.3,4.6,14,4.6s9.6-1.4,14.5-4.6\"><\/path>\t\t<path id=\"Trac&#xE9;_160\" class=\"st0\" d=\"M1.6,33.6c4.8-3,8.3-4.6,14-4.6s9.7,1.4,14.5,4.6c4.8,3,8.3,4.6,14,4.6s9.6-1.4,14.5-4.6\"><\/path>\t<\/g><\/g><\/svg>\t\t\t<\/div>\n\t\t<\/div>\n\t\t\t\t\t\t<\/div>\n\t\t\t\t<\/div>\n\t\t\t\t<div class=\"elementor-element elementor-element-bf0b0d7 elementor-widget elementor-widget-spacer\" data-id=\"bf0b0d7\" data-element_type=\"widget\" data-e-type=\"widget\" data-widget_type=\"spacer.default\">\n\t\t\t\t<div class=\"elementor-widget-container\">\n\t\t\t\t\t\t\t<div class=\"elementor-spacer\">\n\t\t\t<div class=\"elementor-spacer-inner\"><\/div>\n\t\t<\/div>\n\t\t\t\t\t\t<\/div>\n\t\t\t\t<\/div>\n\t\t\t\t<section class=\"elementor-section elementor-inner-section elementor-element elementor-element-60695a0 elementor-section-boxed elementor-section-height-default elementor-section-height-default\" data-id=\"60695a0\" data-element_type=\"section\" data-e-type=\"section\" data-settings=\"{&quot;background_background&quot;:&quot;classic&quot;}\">\n\t\t\t\t\t\t<div class=\"elementor-container elementor-column-gap-default\">\n\t\t\t\t\t<div class=\"elementor-column elementor-col-100 elementor-inner-column elementor-element elementor-element-08a6d9d\" data-id=\"08a6d9d\" data-element_type=\"column\" data-e-type=\"column\" data-settings=\"{&quot;background_background&quot;:&quot;classic&quot;}\">\n\t\t\t<div class=\"elementor-widget-wrap elementor-element-populated\">\n\t\t\t\t\t\t<div class=\"elementor-element elementor-element-e3a5d7c elementor-widget elementor-widget-heading\" data-id=\"e3a5d7c\" data-element_type=\"widget\" data-e-type=\"widget\" data-widget_type=\"heading.default\">\n\t\t\t\t<div class=\"elementor-widget-container\">\n\t\t\t\t\t<span class=\"elementor-heading-title elementor-size-default\">En 2024, embarquez pour la Gr\u00e8ce <\/span>\t\t\t\t<\/div>\n\t\t\t\t<\/div>\n\t\t\t\t<div class=\"elementor-element elementor-element-145b0a0 elementor-widget elementor-widget-text-editor\" data-id=\"145b0a0\" data-element_type=\"widget\" data-e-type=\"widget\" data-widget_type=\"text-editor.default\">\n\t\t\t\t<div class=\"elementor-widget-container\">\n\t\t\t\t\t\t\t\t\t<p>Avec ses \u00eeles pittoresques, ses plages magnifiques, ses montagnes escarp\u00e9es et ses villes charg\u00e9es d&rsquo;histoire, la Gr\u00e8ce offre une exp\u00e9rience de voyage unique \u00e0 tous ceux qui la visitent.<\/p>\t\t\t\t\t\t\t\t<\/div>\n\t\t\t\t<\/div>\n\t\t\t\t<div class=\"elementor-element elementor-element-c02dbca elementor-align-center elementor-widget elementor-widget-button\" data-id=\"c02dbca\" data-element_type=\"widget\" data-e-type=\"widget\" data-widget_type=\"button.default\">\n\t\t\t\t<div class=\"elementor-widget-container\">\n\t\t\t\t\t\t\t\t\t<div class=\"elementor-button-wrapper\">\n\t\t\t\t\t<a class=\"elementor-button elementor-button-link elementor-size-sm\" href=\"https:\/\/phoenixyachtclub.com\/fr\/destinations\/voyage-voilier-de-luxe\/\">\n\t\t\t\t\t\t<span class=\"elementor-button-content-wrapper\">\n\t\t\t\t\t\t\t\t\t<span class=\"elementor-button-text\">D\u00e9couvrir cette destination<\/span>\n\t\t\t\t\t<\/span>\n\t\t\t\t\t<\/a>\n\t\t\t\t<\/div>\n\t\t\t\t\t\t\t\t<\/div>\n\t\t\t\t<\/div>\n\t\t\t\t\t<\/div>\n\t\t<\/div>\n\t\t\t\t\t<\/div>\n\t\t<\/section>\n\t\t\t\t<section class=\"elementor-section elementor-inner-section elementor-element elementor-element-4cad57f elementor-section-boxed elementor-section-height-default elementor-section-height-default\" data-id=\"4cad57f\" data-element_type=\"section\" data-e-type=\"section\" data-settings=\"{&quot;background_background&quot;:&quot;classic&quot;}\">\n\t\t\t\t\t\t<div class=\"elementor-container elementor-column-gap-default\">\n\t\t\t\t\t<div class=\"elementor-column elementor-col-100 elementor-inner-column elementor-element elementor-element-bfe0c9d\" data-id=\"bfe0c9d\" data-element_type=\"column\" data-e-type=\"column\" data-settings=\"{&quot;background_background&quot;:&quot;classic&quot;}\">\n\t\t\t<div class=\"elementor-widget-wrap elementor-element-populated\">\n\t\t\t\t\t\t<div class=\"elementor-element elementor-element-fbf6398 elementor-widget elementor-widget-heading\" data-id=\"fbf6398\" data-element_type=\"widget\" data-e-type=\"widget\" data-widget_type=\"heading.default\">\n\t\t\t\t<div class=\"elementor-widget-container\">\n\t\t\t\t\t<span class=\"elementor-heading-title elementor-size-default\">Automne 2024, Rendez-vous sur la french riviera <\/span>\t\t\t\t<\/div>\n\t\t\t\t<\/div>\n\t\t\t\t<div class=\"elementor-element elementor-element-f642016 elementor-widget elementor-widget-text-editor\" data-id=\"f642016\" data-element_type=\"widget\" data-e-type=\"widget\" data-widget_type=\"text-editor.default\">\n\t\t\t\t<div class=\"elementor-widget-container\">\n\t\t\t\t\t\t\t\t\t<p>L&rsquo;une des destinations les plus spectaculaires au monde, avec ses paysages magnifiques, son climat ensoleill\u00e9 et ses villes charmantes. Mais en plus de cela, il y a deux \u00e9v\u00e9nements majeurs qui se d\u00e9rouleront dans les environs et qui ne doivent pas \u00eatre manqu\u00e9s : les Jeux Olympiques en 2024 et la Coupe de l&rsquo;America en Espagne.<\/p>\t\t\t\t\t\t\t\t<\/div>\n\t\t\t\t<\/div>\n\t\t\t\t<div class=\"elementor-element elementor-element-54fa707 elementor-align-center elementor-widget elementor-widget-button\" data-id=\"54fa707\" data-element_type=\"widget\" data-e-type=\"widget\" data-widget_type=\"button.default\">\n\t\t\t\t<div class=\"elementor-widget-container\">\n\t\t\t\t\t\t\t\t\t<div class=\"elementor-button-wrapper\">\n\t\t\t\t\t<a class=\"elementor-button elementor-button-link elementor-size-sm\" href=\"https:\/\/phoenixyachtclub.com\/fr\/destinations\/louer-un-voilier-en-cote-dazure\/\">\n\t\t\t\t\t\t<span class=\"elementor-button-content-wrapper\">\n\t\t\t\t\t\t\t\t\t<span class=\"elementor-button-text\">D\u00e9couvrir cette destination<\/span>\n\t\t\t\t\t<\/span>\n\t\t\t\t\t<\/a>\n\t\t\t\t<\/div>\n\t\t\t\t\t\t\t\t<\/div>\n\t\t\t\t<\/div>\n\t\t\t\t\t<\/div>\n\t\t<\/div>\n\t\t\t\t\t<\/div>\n\t\t<\/section>\n\t\t\t\t\t<\/div>\n\t\t<\/div>\n\t\t\t\t\t<\/div>\n\t\t<\/section>\n\t\t\t\t<section class=\"elementor-section elementor-top-section elementor-element elementor-element-dc92d70 elementor-section-boxed elementor-section-height-default elementor-section-height-default\" data-id=\"dc92d70\" data-element_type=\"section\" data-e-type=\"section\" data-settings=\"{&quot;background_background&quot;:&quot;classic&quot;}\">\n\t\t\t\t\t\t<div class=\"elementor-container elementor-column-gap-default\">\n\t\t\t\t\t<div class=\"elementor-column elementor-col-33 elementor-top-column elementor-element elementor-element-2b2b0f4\" data-id=\"2b2b0f4\" data-element_type=\"column\" data-e-type=\"column\">\n\t\t\t<div class=\"elementor-widget-wrap elementor-element-populated\">\n\t\t\t\t\t\t<div class=\"elementor-element elementor-element-fd596a1 elementor-widget elementor-widget-image\" data-id=\"fd596a1\" data-element_type=\"widget\" data-e-type=\"widget\" data-widget_type=\"image.default\">\n\t\t\t\t<div class=\"elementor-widget-container\">\n\t\t\t\t\t\t\t\t\t\t\t\t\t\t\t<img decoding=\"async\" width=\"160\" height=\"160\" src=\"https:\/\/phoenixyachtclub.com\/wp-content\/uploads\/2023\/07\/Voyage-voilier-de-luxe.png\" class=\"attachment-large size-large wp-image-4667\" alt=\"Voyage voilier de luxea\" srcset=\"https:\/\/phoenixyachtclub.com\/wp-content\/uploads\/2023\/07\/Voyage-voilier-de-luxe.png 160w, https:\/\/phoenixyachtclub.com\/wp-content\/uploads\/2023\/07\/Voyage-voilier-de-luxe-150x150.png 150w, https:\/\/phoenixyachtclub.com\/wp-content\/uploads\/2023\/07\/Voyage-voilier-de-luxe-100x100.png 100w\" sizes=\"(max-width: 160px) 100vw, 160px\" \/>\t\t\t\t\t\t\t\t\t\t\t\t\t\t\t<\/div>\n\t\t\t\t<\/div>\n\t\t\t\t\t<\/div>\n\t\t<\/div>\n\t\t\t\t<div class=\"elementor-column elementor-col-33 elementor-top-column elementor-element elementor-element-a81d62f\" data-id=\"a81d62f\" data-element_type=\"column\" data-e-type=\"column\">\n\t\t\t<div class=\"elementor-widget-wrap elementor-element-populated\">\n\t\t\t\t\t\t<div class=\"elementor-element elementor-element-fec5f35 elementor-widget elementor-widget-heading\" data-id=\"fec5f35\" data-element_type=\"widget\" data-e-type=\"widget\" data-widget_type=\"heading.default\">\n\t\t\t\t<div class=\"elementor-widget-container\">\n\t\t\t\t\t<h1 class=\"elementor-heading-title elementor-size-default\">Voyage voilier de luxe<\/h1>\t\t\t\t<\/div>\n\t\t\t\t<\/div>\n\t\t\t\t<div class=\"elementor-element elementor-element-d047470 elementor-widget elementor-widget-heading\" data-id=\"d047470\" data-element_type=\"widget\" data-e-type=\"widget\" data-widget_type=\"heading.default\">\n\t\t\t\t<div class=\"elementor-widget-container\">\n\t\t\t\t\t<h2 class=\"elementor-heading-title elementor-size-default\">Voyage voilier de luxe - Phoenix Yacht Club - N\u00b01<\/h2>\t\t\t\t<\/div>\n\t\t\t\t<\/div>\n\t\t\t\t<div class=\"elementor-element elementor-element-47eeacd elementor-widget elementor-widget-heading\" data-id=\"47eeacd\" data-element_type=\"widget\" data-e-type=\"widget\" data-widget_type=\"heading.default\">\n\t\t\t\t<div class=\"elementor-widget-container\">\n\t\t\t\t\t<p class=\"elementor-heading-title elementor-size-default\">Voyage voilier de luxe - D\u00e9couvrez les meilleurs destinations afin de voyager avec notre voilier de luxe ! Contactez-nous !<\/p>\t\t\t\t<\/div>\n\t\t\t\t<\/div>\n\t\t\t\t\t<\/div>\n\t\t<\/div>\n\t\t\t\t<div class=\"elementor-column elementor-col-33 elementor-top-column elementor-element elementor-element-0a3f013\" data-id=\"0a3f013\" data-element_type=\"column\" data-e-type=\"column\">\n\t\t\t<div class=\"elementor-widget-wrap elementor-element-populated\">\n\t\t\t\t\t\t<div class=\"elementor-element elementor-element-c67dc51 elementor-shape-rounded elementor-grid-0 e-grid-align-center elementor-widget elementor-widget-social-icons\" data-id=\"c67dc51\" data-element_type=\"widget\" data-e-type=\"widget\" data-widget_type=\"social-icons.default\">\n\t\t\t\t<div class=\"elementor-widget-container\">\n\t\t\t\t\t\t\t<div class=\"elementor-social-icons-wrapper elementor-grid\">\n\t\t\t\t\t\t\t<span class=\"elementor-grid-item\">\n\t\t\t\t\t<a class=\"elementor-icon elementor-social-icon elementor-social-icon-phone-alt elementor-repeater-item-25b39a3\" href=\"https:\/\/phoenixyachtclub.com\/fr\/louer-un-voilier-a-la-semaine\/\" target=\"_blank\">\n\t\t\t\t\t\t<span class=\"elementor-screen-only\">Phone-alt<\/span>\n\t\t\t\t\t\t<i aria-hidden=\"true\" class=\"fas fa-phone-alt\"><\/i>\t\t\t\t\t<\/a>\n\t\t\t\t<\/span>\n\t\t\t\t\t<\/div>\n\t\t\t\t\t\t<\/div>\n\t\t\t\t<\/div>\n\t\t\t\t\t<\/div>\n\t\t<\/div>\n\t\t\t\t\t<\/div>\n\t\t<\/section>\n\t\t\t\t<\/div>\n\t\t","protected":false},"excerpt":{"rendered":"<p>Destination de l&rsquo;ann\u00e9e chaque ann\u00e9e, une nouvelle exp\u00e9rience, une nouvelle destination. En 2024, embarquez pour la Gr\u00e8ce Avec ses \u00eeles pittoresques, ses plages magnifiques, ses montagnes escarp\u00e9es et ses villes charg\u00e9es d&rsquo;histoire, la Gr\u00e8ce offre une exp\u00e9rience de voyage unique \u00e0 tous ceux qui la visitent. D\u00e9couvrir cette destination Automne 2024, Rendez-vous sur la french [&hellip;]<\/p>\n","protected":false},"author":5,"featured_media":0,"parent":0,"menu_order":0,"comment_status":"closed","ping_status":"closed","template":"","meta":{"footnotes":""},"class_list":["post-43","page","type-page","status-publish","hentry"],"_links":{"self":[{"href":"https:\/\/phoenixyachtclub.com\/fr\/wp-json\/wp\/v2\/pages\/43","targetHints":{"allow":["GET"]}}],"collection":[{"href":"https:\/\/phoenixyachtclub.com\/fr\/wp-json\/wp\/v2\/pages"}],"about":[{"href":"https:\/\/phoenixyachtclub.com\/fr\/wp-json\/wp\/v2\/types\/page"}],"author":[{"embeddable":true,"href":"https:\/\/phoenixyachtclub.com\/fr\/wp-json\/wp\/v2\/users\/5"}],"replies":[{"embeddable":true,"href":"https:\/\/phoenixyachtclub.com\/fr\/wp-json\/wp\/v2\/comments?post=43"}],"version-history":[{"count":210,"href":"https:\/\/phoenixyachtclub.com\/fr\/wp-json\/wp\/v2\/pages\/43\/revisions"}],"predecessor-version":[{"id":5313,"href":"https:\/\/phoenixyachtclub.com\/fr\/wp-json\/wp\/v2\/pages\/43\/revisions\/5313"}],"wp:attachment":[{"href":"https:\/\/phoenixyachtclub.com\/fr\/wp-json\/wp\/v2\/media?parent=43"}],"curies":[{"name":"wp","href":"https:\/\/api.w.org\/{rel}","templated":true}]}}