{"id":3198,"date":"2023-04-03T13:43:50","date_gmt":"2023-04-03T12:43:50","guid":{"rendered":"https:\/\/dev.cerfalunettes.fr\/phoenix-yacht-club\/?page_id=3198"},"modified":"2023-05-23T20:04:18","modified_gmt":"2023-05-23T19:04:18","slug":"conditions-generales-de-ventes","status":"publish","type":"page","link":"https:\/\/phoenixyachtclub.com\/fr\/conditions-generales-de-ventes\/","title":{"rendered":"Conditions g\u00e9n\u00e9rales de ventes"},"content":{"rendered":"\t\t<div data-elementor-type=\"wp-page\" data-elementor-id=\"3198\" class=\"elementor elementor-3198\" data-elementor-post-type=\"page\">\n\t\t\t\t\t\t<section class=\"elementor-section elementor-top-section elementor-element elementor-element-c03935d elementor-section-boxed elementor-section-height-default elementor-section-height-default\" data-id=\"c03935d\" data-element_type=\"section\" data-e-type=\"section\" data-settings=\"{&quot;background_background&quot;:&quot;classic&quot;}\">\n\t\t\t\t\t\t<div class=\"elementor-container elementor-column-gap-default\">\n\t\t\t\t\t<div class=\"elementor-column elementor-col-100 elementor-top-column elementor-element elementor-element-13a2c93\" data-id=\"13a2c93\" data-element_type=\"column\" data-e-type=\"column\">\n\t\t\t<div class=\"elementor-widget-wrap elementor-element-populated\">\n\t\t\t\t\t\t<div class=\"elementor-element elementor-element-d58f760 elementor-widget elementor-widget-text-editor\" data-id=\"d58f760\" data-element_type=\"widget\" data-e-type=\"widget\" data-widget_type=\"text-editor.default\">\n\t\t\t\t<div class=\"elementor-widget-container\">\n\t\t\t\t\t\t\t\t\t<p>Mentions L\u00e9gales<\/p>\t\t\t\t\t\t\t\t<\/div>\n\t\t\t\t<\/div>\n\t\t\t\t<div class=\"elementor-element elementor-element-ab4b44d elementor-widget__width-auto elementor-widget-tablet__width-inherit elementor-widget elementor-widget-heading\" data-id=\"ab4b44d\" data-element_type=\"widget\" data-e-type=\"widget\" data-widget_type=\"heading.default\">\n\t\t\t\t<div class=\"elementor-widget-container\">\n\t\t\t\t\t<h2 class=\"elementor-heading-title elementor-size-default\">Conditions g\u00e9n\u00e9rales de vente<\/h2>\t\t\t\t<\/div>\n\t\t\t\t<\/div>\n\t\t\t\t<div class=\"elementor-element elementor-element-c97b396 elementor-view-default elementor-widget elementor-widget-icon\" data-id=\"c97b396\" data-element_type=\"widget\" data-e-type=\"widget\" data-widget_type=\"icon.default\">\n\t\t\t\t<div class=\"elementor-widget-container\">\n\t\t\t\t\t\t\t<div class=\"elementor-icon-wrapper\">\n\t\t\t<div class=\"elementor-icon\">\n\t\t\t<svg xmlns=\"http:\/\/www.w3.org\/2000\/svg\" xmlns:xlink=\"http:\/\/www.w3.org\/1999\/xlink\" id=\"Groupe_24\" x=\"0px\" y=\"0px\" viewBox=\"0 0 60.1 39.7\" style=\"enable-background:new 0 0 60.1 39.7;\" xml:space=\"preserve\"><style type=\"text\/css\">\t.st0{fill:none;stroke:#CDA34E;stroke-width:1.985;stroke-linecap:round;stroke-linejoin:round;}<\/style><g>\t<g id=\"Groupe_23\">\t\t<path id=\"Trac&#xE9;_158\" class=\"st0\" d=\"M1.6,6.1c4.8-3,8.3-4.6,14-4.6S25.2,2.9,30,6.1c4.8,3,8.3,4.6,14,4.6s9.6-1.4,14.5-4.6\"><\/path>\t\t<path id=\"Trac&#xE9;_159\" class=\"st0\" d=\"M1.6,19.9c4.8-3,8.3-4.6,14-4.6s9.7,1.4,14.5,4.6c4.8,3,8.3,4.6,14,4.6s9.6-1.4,14.5-4.6\"><\/path>\t\t<path id=\"Trac&#xE9;_160\" class=\"st0\" d=\"M1.6,33.6c4.8-3,8.3-4.6,14-4.6s9.7,1.4,14.5,4.6c4.8,3,8.3,4.6,14,4.6s9.6-1.4,14.5-4.6\"><\/path>\t<\/g><\/g><\/svg>\t\t\t<\/div>\n\t\t<\/div>\n\t\t\t\t\t\t<\/div>\n\t\t\t\t<\/div>\n\t\t\t\t\t<\/div>\n\t\t<\/div>\n\t\t\t\t\t<\/div>\n\t\t<\/section>\n\t\t\t\t<section class=\"elementor-section elementor-top-section elementor-element elementor-element-8e4ade3 elementor-section-boxed elementor-section-height-default elementor-section-height-default\" data-id=\"8e4ade3\" data-element_type=\"section\" data-e-type=\"section\">\n\t\t\t\t\t\t<div class=\"elementor-container elementor-column-gap-default\">\n\t\t\t\t\t<div class=\"elementor-column elementor-col-100 elementor-top-column elementor-element elementor-element-6207716\" data-id=\"6207716\" data-element_type=\"column\" data-e-type=\"column\">\n\t\t\t<div class=\"elementor-widget-wrap elementor-element-populated\">\n\t\t\t\t\t\t<div class=\"elementor-element elementor-element-890e46c elementor-widget elementor-widget-text-editor\" data-id=\"890e46c\" data-element_type=\"widget\" data-e-type=\"widget\" data-widget_type=\"text-editor.default\">\n\t\t\t\t<div class=\"elementor-widget-container\">\n\t\t\t\t\t\t\t\t\t<p><\/p>\n<h3>En construction<\/h3>\n<p><\/p>\t\t\t\t\t\t\t\t<\/div>\n\t\t\t\t<\/div>\n\t\t\t\t\t<\/div>\n\t\t<\/div>\n\t\t\t\t\t<\/div>\n\t\t<\/section>\n\t\t\t\t<\/div>\n\t\t","protected":false},"excerpt":{"rendered":"<p>Mentions L\u00e9gales Conditions g\u00e9n\u00e9rales de vente En construction<\/p>\n","protected":false},"author":6,"featured_media":0,"parent":0,"menu_order":0,"comment_status":"closed","ping_status":"closed","template":"","meta":{"footnotes":""},"class_list":["post-3198","page","type-page","status-publish","hentry"],"_links":{"self":[{"href":"https:\/\/phoenixyachtclub.com\/fr\/wp-json\/wp\/v2\/pages\/3198","targetHints":{"allow":["GET"]}}],"collection":[{"href":"https:\/\/phoenixyachtclub.com\/fr\/wp-json\/wp\/v2\/pages"}],"about":[{"href":"https:\/\/phoenixyachtclub.com\/fr\/wp-json\/wp\/v2\/types\/page"}],"author":[{"embeddable":true,"href":"https:\/\/phoenixyachtclub.com\/fr\/wp-json\/wp\/v2\/users\/6"}],"replies":[{"embeddable":true,"href":"https:\/\/phoenixyachtclub.com\/fr\/wp-json\/wp\/v2\/comments?post=3198"}],"version-history":[{"count":7,"href":"https:\/\/phoenixyachtclub.com\/fr\/wp-json\/wp\/v2\/pages\/3198\/revisions"}],"predecessor-version":[{"id":3858,"href":"https:\/\/phoenixyachtclub.com\/fr\/wp-json\/wp\/v2\/pages\/3198\/revisions\/3858"}],"wp:attachment":[{"href":"https:\/\/phoenixyachtclub.com\/fr\/wp-json\/wp\/v2\/media?parent=3198"}],"curies":[{"name":"wp","href":"https:\/\/api.w.org\/{rel}","templated":true}]}}